{"id":2753,"date":"2023-10-19T08:22:20","date_gmt":"2023-10-19T08:22:20","guid":{"rendered":"https:\/\/beta2.celeuma.pt\/airv\/?page_id=2753"},"modified":"2023-10-19T08:42:51","modified_gmt":"2023-10-19T08:42:51","slug":"fundo-pme-ideas-powered-for-business-apoios-a-protecao-dos-diretos-de-propriedade-intelectual","status":"publish","type":"page","link":"https:\/\/beta2.celeuma.pt\/airv\/fundo-pme-ideas-powered-for-business-apoios-a-protecao-dos-diretos-de-propriedade-intelectual\/","title":{"rendered":"Fundo PME Ideas Powered For Business &#8211; Apoios \u00e0 prote\u00e7\u00e3o dos diretos de propriedade intelectual"},"content":{"rendered":"<p style=\"text-align: justify;\"><strong>Fundo Pme Ideas Powered For Business &#8211; 2023<\/strong><\/p>\n<p style=\"text-align: justify;\"><strong>Prote\u00e7\u00e3o dos Direitos de Propriedade Industrial<\/strong><\/p>\n<p style=\"text-align: justify;\">O <strong>Fundo PME Ideas Powered For Business<\/strong> \u00e9 um regime de subven\u00e7\u00f5es concebido para ajudar as PME\u00b4S (pequenas e m\u00e9dias empresas) a proteger os seus direitos de propriedade intelectual (marcas e outros sinais comerciais, patentes, desenhos, modelos).<\/p>\n<p style=\"text-align: justify;\"><span style=\"text-decoration: underline;\"><strong>Proteger a propriedade industrial \u00e9 fundamental, j\u00e1 que se trata da \u00fanica forma legal destinada a impedir que as ideias, os produtos ou os servi\u00e7os \u00fanicos das empresas sejam copiados ou utilizados sem a sua autoriza\u00e7\u00e3o.<\/strong><\/span><\/p>\n<p style=\"text-align: justify;\"><strong>Per\u00edodo para apresenta\u00e7\u00e3o de candidaturas<\/strong><\/p>\n<p style=\"text-align: justify;\"><strong><span style=\"text-decoration: underline;\">Entre 23-01\/-2023 e 08-12-2023<\/span>.<\/strong><\/p>\n<p style=\"text-align: justify;\"><strong><br \/>\nQuem se pode candidatar<br \/>\n<\/strong>O Fundo \u00e9 direcionado \u00e0s PME com sede na Uni\u00e3o Europeia. Podem apresentar a candidatura os propriet\u00e1rios, funcion\u00e1rios ou representantes desde que autorizados pela PME.<\/p>\n<p style=\"text-align: justify;\"><strong><br \/>\nEm que consiste o apoio<br \/>\n<\/strong>Trata-se de um regime de subven\u00e7\u00f5es que permite \u00e0s PME um reembolso parcial das despesas efetuadas com os pedidos de registo de marcas e outros direitos de propriedade intelectual, ou das despesas efetuadas com servi\u00e7os de pr\u00e9-diagn\u00f3stico de propriedade industrial (PI) \u2013 IP Scan.<\/p>\n<p style=\"text-align: justify;\">Na pr\u00e1tica com a admiss\u00e3o da candidatura \u00e9 feita a emiss\u00e3o de vouchers que podem ser posteriormente ativados para efetuar o reembolso parcial das taxas relativas \u00e0s modalidades selecionadas.<\/p>\n<p style=\"text-align: justify;\"><strong><br \/>\nApoios<br \/>\n<\/strong>As PME podem candidatar-se aos seguintes vouchers<\/p>\n<p style=\"text-align: justify;\"><strong>VOUCHER 1 \u2013 IP SCAN \u2013 SERVI\u00c7OS DE PR\u00c9-DIAGN\u00d3STICO DE PROPRIEDADE INDUSTRIAL<\/strong><br \/>\nDestina-se a prestar aconselhamento \u00e0s PME\u00b4S sobre o potencial e o valor dos ativos de propriedade industrial para o desenvolvimento das suas atividades, auxiliando a empresa a definir a sua estrat\u00e9gia em mat\u00e9ria de propriedade industrial.<\/p>\n<ul style=\"text-align: justify;\">\n<li>Reembolso de 90% das despesas tidas com este servi\u00e7o, at\u00e9 ao valor m\u00e1ximo de \u20ac810,00 em Portugal.<br \/>\nOs servi\u00e7os t\u00eam que ser prestados por peritos na \u00e1rea da propriedade industrial designados pelo INPI \u2013 Instituto Nacional da Propriedade Industrial<\/li>\n<\/ul>\n<p style=\"text-align: justify;\"><strong>VOUCHER 2 \u2013 PROTE\u00c7\u00c3O DE MARCAS E DESENHOS OU MODELOS NA UE (N\u00cdVEIS NACIONAL, REGIONAL E DA UE) E FORA DA UE<\/strong><br \/>\nOs direitos de propriedade industrial eleg\u00edveis s\u00e3o as marcas e desenhos ou modelos apresentados junto do INPI \u2013 Instituto Nacional da Propriedade Industrial, do Instituto da Propriedade Intelectual do Benelux ou atrav\u00e9s do EUIPO.<\/p>\n<ul style=\"text-align: justify;\">\n<li>Reembolso de 75% do valor das taxas para pedidos de registo de marcas e de desenhos ou modelos nacionais, regionais e da UE.<\/li>\n<li>Reembolso de 50% do valor das taxas para pedidos internacionais de registo de marcas e desenhos ou modelos atrav\u00e9s da OMPI.<br \/>\nO montante m\u00e1ximo do reembolso \u00e9 de \u20ac 1.000,00.<\/li>\n<\/ul>\n<p style=\"text-align: justify;\">Inclui taxas de pedido, classe, exame, registo, publica\u00e7\u00e3o e adiamento da publica\u00e7\u00e3o.<br \/>\nO registo de log\u00f3tipos est\u00e1 inclu\u00eddo uma vez que \u00e9 admiss\u00edvel na legisla\u00e7\u00e3o portuguesa.<\/p>\n<p style=\"text-align: justify;\"><strong>Cada PME pode solicitar um Voucher por tipo de atividade de PI, dentro das regras acima referidas.<\/strong><\/p>\n<p style=\"text-align: justify;\"><strong>Os Vouchers s\u00e3o v\u00e1lidos durante 2 meses a contar da rece\u00e7\u00e3o da subven\u00e7\u00e3o, podendo a validade ser prorrogada por mais 2 meses.<\/strong><\/p>\n<p style=\"text-align: justify;\"><strong>Candidaturas<\/strong><\/p>\n<p style=\"text-align: justify;\">As candidaturas s\u00e3o apresentadas online &#8211; <a href=\"https:\/\/euipo.europa.eu\/ohimportal\/pt\/online-services\/sme-fund?cmvsource=ipo-pt-web\"><strong>Apresente aqui a sua Candidatura<\/strong><\/a><\/p>\n<p style=\"text-align: justify;\">Processo de candiatura<\/p>\n<p><img loading=\"lazy\" decoding=\"async\" class=\"alignnone size-medium wp-image-2779\" src=\"https:\/\/beta2.celeuma.pt\/airv\/wp-content\/uploads\/2023\/10\/fundopme-300x169.png\" alt=\"\" width=\"300\" height=\"169\" srcset=\"https:\/\/beta2.celeuma.pt\/airv\/wp-content\/uploads\/2023\/10\/fundopme-300x169.png 300w, https:\/\/beta2.celeuma.pt\/airv\/wp-content\/uploads\/2023\/10\/fundopme.png 709w\" sizes=\"auto, (max-width: 300px) 100vw, 300px\" \/><\/p>\n","protected":false},"excerpt":{"rendered":"<p>Fundo Pme Ideas Powered For Business &#8211; 2023 Prote\u00e7\u00e3o dos Direitos de Propriedade Industrial O Fundo PME Ideas Powered For Business \u00e9 um regime de subven\u00e7\u00f5es concebido para ajudar as PME\u00b4S (pequenas e m\u00e9dias empresas) a proteger os seus direitos de propriedade intelectual (marcas e outros sinais comerciais, patentes, desenhos, modelos). Proteger a propriedade industrial [&hellip;]<\/p>\n","protected":false},"author":5,"featured_media":0,"parent":0,"menu_order":0,"comment_status":"closed","ping_status":"closed","template":"","meta":{"footnotes":""},"class_list":["post-2753","page","type-page","status-publish","hentry"],"acf":[],"_links":{"self":[{"href":"https:\/\/beta2.celeuma.pt\/airv\/wp-json\/wp\/v2\/pages\/2753","targetHints":{"allow":["GET"]}}],"collection":[{"href":"https:\/\/beta2.celeuma.pt\/airv\/wp-json\/wp\/v2\/pages"}],"about":[{"href":"https:\/\/beta2.celeuma.pt\/airv\/wp-json\/wp\/v2\/types\/page"}],"author":[{"embeddable":true,"href":"https:\/\/beta2.celeuma.pt\/airv\/wp-json\/wp\/v2\/users\/5"}],"replies":[{"embeddable":true,"href":"https:\/\/beta2.celeuma.pt\/airv\/wp-json\/wp\/v2\/comments?post=2753"}],"version-history":[{"count":0,"href":"https:\/\/beta2.celeuma.pt\/airv\/wp-json\/wp\/v2\/pages\/2753\/revisions"}],"wp:attachment":[{"href":"https:\/\/beta2.celeuma.pt\/airv\/wp-json\/wp\/v2\/media?parent=2753"}],"curies":[{"name":"wp","href":"https:\/\/api.w.org\/{rel}","templated":true}]}}