{"id":116,"date":"2023-08-22T15:09:24","date_gmt":"2023-08-22T15:09:24","guid":{"rendered":"https:\/\/beta2.celeuma.pt\/cim\/?page_id=116"},"modified":"2023-10-23T11:52:28","modified_gmt":"2023-10-23T11:52:28","slug":"faqs","status":"publish","type":"page","link":"https:\/\/beta2.celeuma.pt\/cim\/es\/faqs\/","title":{"rendered":"FAQS"},"content":{"rendered":"<p><\/p>\n<div class=\"wp-block-group has-secondary-color has-text-color has-global-padding is-layout-constrained wp-block-group-is-layout-constrained\">\n<div class=\"entry-content wp-block-post-content has-global-padding is-layout-constrained wp-block-post-content-is-layout-constrained\">\n<h2>A) Sobre el programa Bikesharing denominado Mooovi<\/h2>\n<p><strong>1) Mooovi \u2013 descripci\u00f3n de la soluci\u00f3n<\/strong><\/p>\n<p>Mooovi es una soluci\u00f3n de movilidad compartida basada en bicicletas el\u00e9ctricas propuesta por el Municipio de Angra do Hero\u00edsmo.<\/p>\n<p><strong>2) \u00bfD\u00f3nde puedo encontrar una bicicleta Mooovi?<\/strong><\/p>\n<p>La aplicaci\u00f3n Mooovi le permite ver todas las estaciones en el sistema.<\/p>\n<p>Cuando la estaci\u00f3n est\u00e1 en naranja, las bicicletas est\u00e1n disponibles (simplemente hace clic en la estaci\u00f3n para ver la cantidad de bicicletas disponibles). Cuando la estaci\u00f3n est\u00e1 en gris, no hay bicicletas disponibles<\/p>\n<h2>B) Utilizaci\u00f3n de la bicicleta<\/h2>\n<p><strong>1) \u00bfC\u00f3mo desbloquear la bicicleta?<\/strong><\/p>\n<p>Para desbloquear tu bicicleta, simplemente ingresa a la aplicaci\u00f3n Mooovi (reg\u00edstrate la primera vez que accedes a la aplicaci\u00f3n), escanea el c\u00f3digo QR de la bicicleta (en la parte superior del tubo principal) y se desbloquear\u00e1 autom\u00e1ticamente.<\/p>\n<p><strong>2) \u00bfExiste una edad m\u00ednima para utilizar las bicicletas Mooovi?<\/strong><\/p>\n<p>Por motivos legales y de seguros, el uso de las Bicicletas Raia Norte solo est\u00e1 permitido a mayores de 16 a\u00f1os.<\/p>\n<p><strong>3) \u00bfD\u00f3nde estacionar mi bicicleta para terminar mi viaje?<\/strong><\/p>\n<p>Para finalizar el viaje, deber\u00e1s estacionar correctamente su bicicleta en una estaci\u00f3n de Mooovi. Fuera de las estaciones del sistema se cobrar\u00e1 0,05 \u20ac por minuto.<\/p>\n<p><strong>4) \u00bfC\u00f3mo bloquear mi bicicleta?<\/strong><\/p>\n<p>Simplemente cierre el candado en la estaci\u00f3n. Para finalizar tu viaje, la aplicaci\u00f3n te pedir\u00e1 que tome una foto de la bicicleta. Un pitido te permitir\u00e1 saber que su bicicleta est\u00e1 correctamente bloqueada.<\/p>\n<p><strong>5) \u00bfEs posible tomar un descanso durante mi viaje?<\/strong><\/p>\n<p>S\u00ed, durante tu viaje puedes detener tu bicicleta cerr\u00e1ndola (candado\/cable). Tu viaje no termina y ning\u00fan otro usuario podr\u00e1 desbloquear tu bicicleta.<\/p>\n<p><strong>6) \u00bfEs posible reservar una bicicleta?<\/strong><\/p>\n<p>No, no es posible reservar una bicicleta.<\/p>\n<h2>C) Tarifas y m\u00e9dios de pago<\/h2>\n<p><strong>1) \u00bfTengo que suscribirme a un abono para poder utilizar una bicicleta?<\/strong><\/p>\n<p>No, puedes usar una bicicleta sin abono, con pago seg\u00fan disponibilidad.<\/p>\n<p><strong>2) \u00bfCu\u00e1l es el costo de un viaje?<\/strong><\/p>\n<p>Si eres suscriptor, los primeros 30 minutos son gratuitos, luego pagar\u00e1s 0,05 \u20ac por minuto. Si no eres suscriptor, la tarifa de desbloqueo es de 1 \u20ac, luego 0,05 \u20ac por minuto, despu\u00e9s de 30 minutos.<\/p>\n<p><strong>3) \u00bfC\u00f3mo cambio de tarjeta de cr\u00e9dito?<\/strong><\/p>\n<p>En la aplicaci\u00f3n Mooovi de tu cuenta, vaya a \u201cAdministrar m\u00e9todos de pago\u201d.<\/p>\n<p><strong>4) \u00bfC\u00f3mo puedo cancelar mi suscripci\u00f3n?<\/strong><\/p>\n<p>En la aplicaci\u00f3n Mooovi, en tu cuenta, vaya a \u201cMis suscripciones\u201d.<\/p>\n<p><strong>5) \u00bfPuedo recibir una factura?<\/strong><\/p>\n<p>S\u00ed, puedes obtener una factura con la aplicaci\u00f3n Mooovi.<\/p>\n<h2>D) Emergencias<\/h2>\n<p><strong>1) \u00bfQu\u00e9 hacer en caso de accidente con una bicicleta Mooovi?<\/strong><\/p>\n<p>Si el accidente es grave, pide ayuda directamente. De lo contrario, cont\u00e1ctanos a trav\u00e9s de la aplicaci\u00f3n Mooovi (secci\u00f3n \u201cContacto\u201d).<\/p>\n<p><strong>2) \u00bfCu\u00e1les son los n\u00fameros de emergencia?<\/strong><\/p>\n<p>No olvides los n\u00fameros de emergencia: el 112 es el n\u00famero de emergencia v\u00e1lido en todo el territorio nacional y la Uni\u00f3n Europea.<\/p>\n<p><strong>3) \u00bfC\u00f3mo puede contactarnos?<\/strong><\/p>\n<p>Puedes contactarnos a trav\u00e9s de la Aplicaci\u00f3n (contacto), por tel\u00e9fono +00351 295 401 700 (de lunes a viernes) o por correo electr\u00f3nico\u00a0<a href=\"mailto:mooovi@cmah.pt\">mooovi@cmah.pt<\/a><\/p>\n<h2>E) Seguro<\/h2>\n<p><strong>1) \u00bfHay seguro en caso de accidente?<\/strong><\/p>\n<p>Hay seguro de responsabilidad civil.<\/p>\n<p><strong>2) \u00bfExiste seguro en caso de robo de bicicletas?<\/strong><\/p>\n<p>No, si te roban la bicicleta, se te cobrar\u00e1 una franquicia de 1.500 \u20ac.<\/p>\n<h2>F) Seguridad<\/h2>\n<p><strong>1) \u00bfEs obligatorio el uso de casco?<\/strong><\/p>\n<p>El uso de casco no es obligatorio, pero recomendamos encarecidamente su uso.<\/p>\n<p><strong>2) \u00bfCu\u00e1l es la velocidad m\u00e1xima autorizada?<\/strong><\/p>\n<p>El usuario deber\u00e1 respetar las normas del C\u00f3digo de Circulaci\u00f3n vigente.<\/p>\n<p><strong>3) \u00bfPuedo usar una bicicleta con mal tiempo?<\/strong><\/p>\n<p>S\u00ed, nuestras bicicletas est\u00e1n dise\u00f1adas para ser utilizadas en cualquier circunstancia. Aseg\u00farate de tomar las precauciones necesarias en caso de mal tiempo, conduciendo con tranquilidad y siendo a\u00fan m\u00e1s cuidadoso de lo habitual.<\/p>\n<h2>G) Zonas de circulaci\u00f3n<\/h2>\n<p><strong>1) \u00bfC\u00f3mo puedo saber acerca de las zonas de tr\u00e1fico limitado?<\/strong><\/p>\n<p>Con Mooovi, no hay \u00e1reas demarcadas. Solo tienes que aparcar tu bicicleta en una de las estaciones para completar su recorrido.<\/p>\n<h2>H) Tengo un problema<\/h2>\n<p><strong>1) En caso de un problema con una bicicleta, \u00bfcon qui\u00e9n debo hablar?<\/strong><\/p>\n<p>Informa directamente en la Aplicaci\u00f3n haciendo clic en el icono del tri\u00e1ngulo ( ) en la esquina superior derecha \u201cReportar un problema\u201d. Nos pondremos en contacto contigo m\u00e1s tarde. En cualquier caso, la bicicleta que desbloqueaste deber\u00e1 ser devuelta a una estaci\u00f3n Raia Norte Bikes para poder completar el viaje y finalizar el alquiler.<\/p>\n<p><strong>2) Para cualquier otro tema, \u00bfcon qui\u00e9n debo hablar?<\/strong><\/p>\n<p>En caso de emergencia, puedes comunicarte con el 112, que es el n\u00famero de emergencia v\u00e1lido en toda la Uni\u00f3n Europea.<\/p>\n<p>Indica la naturaleza del problema en la secci\u00f3n \u201cContacto\u201d del men\u00fa. Nos pondremos en contacto contigo m\u00e1s tarde. Tambi\u00e9n puede contactarnos a trav\u00e9s del n\u00famero de tel\u00e9fono +00351 295 401 700 (de lunes a viernes) o por correo electr\u00f3nico\u00a0<a href=\"mailto:mooovi@cmah.pt\">mooovi@cmah.pt<\/a><\/p>\n<p><strong>3) \u00bfQu\u00e9 debo hacer si me roban la bicicleta durante mi viaje?<\/strong><\/p>\n<p>El usuario es responsable de su veh\u00edculo desde el momento en que lo desbloqueas hasta que lo bloqueas en una estaci\u00f3n Mooovi. Mientras tanto, si le roban su bicicleta, rep\u00f3rtalo directamente en la aplicaci\u00f3n haciendo clic en el icono del tri\u00e1ngulo ( ) en la esquina superior derecha \u201cMi bicicleta fue robada\u201d. Nos pondremos en contacto contigo m\u00e1s tarde.<\/p>\n<p><strong>4) Tengo un problema de facturaci\u00f3n, \u00bfc\u00f3mo obtengo un reembolso?<\/strong><\/p>\n<p>Cont\u00e1ctanos a trav\u00e9s de la Aplicaci\u00f3n (secci\u00f3n \u201cContacto\u201d) o por correo electr\u00f3nico:\u00a0<a href=\"mailto:mooovi@cmah.pt\">mooovi@cmah.pt<\/a><\/p>\n<p><strong>5) Si veo una bicicleta abandonada, \u00bfqu\u00e9 debo hacer?<\/strong><\/p>\n<p>Ponte en contacto con nosotros a trav\u00e9s de la Aplicaci\u00f3n (secci\u00f3n de \u201cContacto\u201d) o por correo electr\u00f3nico:\u00a0<a href=\"mailto:mooovi@cmah.pt\">mooovi@cmah.pt<\/a>\u00a0o por tel\u00e9fono +00351 295 401 700. Gracias.<\/p>\n<p><strong>6) \u00bfQu\u00e9 hacer si te olvidas de poner candado a tu bicicleta en la estaci\u00f3n?<\/strong><\/p>\n<p>Tan pronto como te des cuenta, ve r\u00e1pido y verifica si la bicicleta todav\u00eda est\u00e1 en el mismo lugar donde la dejaste. Si no es as\u00ed, ponte en contacto con nosotros directamente.<\/p>\n<\/div>\n<\/div>\n<p><\/p>","protected":false},"excerpt":{"rendered":"<p>A) Sobre el programa Bikesharing denominado Mooovi 1) Mooovi \u2013 descripci\u00f3n de la soluci\u00f3n Mooovi es una soluci\u00f3n de movilidad compartida basada en bicicletas el\u00e9ctricas propuesta por el Municipio de Angra do Hero\u00edsmo. 2) \u00bfD\u00f3nde puedo encontrar una bicicleta Mooovi? La aplicaci\u00f3n Mooovi le permite ver todas las estaciones en el sistema. Cuando la estaci\u00f3n [&hellip;]<\/p>\n","protected":false},"author":1,"featured_media":157,"parent":0,"menu_order":0,"comment_status":"closed","ping_status":"closed","template":"","meta":{"footnotes":""},"class_list":["post-116","page","type-page","status-publish","has-post-thumbnail","hentry"],"acf":[],"_links":{"self":[{"href":"https:\/\/beta2.celeuma.pt\/cim\/es\/wp-json\/wp\/v2\/pages\/116","targetHints":{"allow":["GET"]}}],"collection":[{"href":"https:\/\/beta2.celeuma.pt\/cim\/es\/wp-json\/wp\/v2\/pages"}],"about":[{"href":"https:\/\/beta2.celeuma.pt\/cim\/es\/wp-json\/wp\/v2\/types\/page"}],"author":[{"embeddable":true,"href":"https:\/\/beta2.celeuma.pt\/cim\/es\/wp-json\/wp\/v2\/users\/1"}],"replies":[{"embeddable":true,"href":"https:\/\/beta2.celeuma.pt\/cim\/es\/wp-json\/wp\/v2\/comments?post=116"}],"version-history":[{"count":5,"href":"https:\/\/beta2.celeuma.pt\/cim\/es\/wp-json\/wp\/v2\/pages\/116\/revisions"}],"predecessor-version":[{"id":180,"href":"https:\/\/beta2.celeuma.pt\/cim\/es\/wp-json\/wp\/v2\/pages\/116\/revisions\/180"}],"wp:featuredmedia":[{"embeddable":true,"href":"https:\/\/beta2.celeuma.pt\/cim\/es\/wp-json\/wp\/v2\/media\/157"}],"wp:attachment":[{"href":"https:\/\/beta2.celeuma.pt\/cim\/es\/wp-json\/wp\/v2\/media?parent=116"}],"curies":[{"name":"wp","href":"https:\/\/api.w.org\/{rel}","templated":true}]}}