{"id":3,"date":"2022-08-19T16:55:09","date_gmt":"2022-08-19T16:55:09","guid":{"rendered":"https:\/\/beta2.celeuma.pt\/cim\/?page_id=3"},"modified":"2023-05-04T09:59:22","modified_gmt":"2023-05-04T09:59:22","slug":"politica-privacidade","status":"publish","type":"page","link":"https:\/\/beta2.celeuma.pt\/cim\/es\/politica-privacidade\/","title":{"rendered":"Pol\u00edtica de privacidad"},"content":{"rendered":"<p>Esta Pol\u00edtica de privacidad describe qui\u00e9nes somos, para qu\u00e9 utilizamos sus datos, c\u00f3mo los tratamos, con qui\u00e9n los compartimos, durante cu\u00e1nto tiempo los conservamos, as\u00ed como las formas de ponerse en contacto con nosotros y ejercer sus derechos.<\/p>\r\n<p>&nbsp;<\/p>\r\n<h2>C\u00f3mo contactar Mooovi<\/h2>\r\n<p>Puede ponerse en contacto con Mooovi por correo electr\u00f3nico en la direcci\u00f3n info@mooovi.pt.<\/p>\r\n<p>Mooovi es responsable del tratamiento de los datos personales que recoge y procesa, en cumplimiento de los requisitos expresados en el Reglamento General de Protecci\u00f3n de Datos.<\/p>\r\n<p>&nbsp;<\/p>\r\n<h2>Por qu\u00e9 tratamos sus datos personales<\/h2>\r\n<ul>\r\n<li>Los datos personales que tratamos se recogen siempre con una finalidad y para un tratamiento espec\u00edficos, tras lo cual se transforman en datos an\u00f3nimos.<\/li>\r\n<li>\r\n<ol>\r\n<li><strong>1.<\/strong> El cumplimiento de las obligaciones legales que nos son aplicables, tanto a clientes y proveedores como a nuestros empleados;<\/li>\r\n<li><strong>2.<\/strong> La ejecuci\u00f3n de contratos o para diligencias precontractuales en el \u00e1mbito de nuestra actividad;<\/li>\r\n<li><strong>3.<\/strong> La ejecuci\u00f3n de los servicios que prestamos, cuando obtengamos el consentimiento del interesado para tratar sus datos personales con fines determinados, expl\u00edcitos y leg\u00edtimos, claramente informados en el momento del contacto;<\/li>\r\n<li><strong>4.<\/strong> Tambi\u00e9n podemos tratar informaci\u00f3n si tenemos un inter\u00e9s leg\u00edtimo para hacerlo, siempre y cuando, y en cada caso, nuestro inter\u00e9s est\u00e9 en consonancia con los derechos del interesado, como en nuestra comunicaci\u00f3n con clientes y posibles clientes, proveedores y posibles proveedores y en la contrataci\u00f3n de nuevos empleados o proveedores de servicios.<\/li>\r\n<\/ol>\r\n<\/li>\r\n<\/ul>\r\n<p>&nbsp;<\/p>\r\n<h2>Licitud del tratamiento de sus datos personales<\/h2>\r\n<ul>\r\n<li>La actividad comercial de Mooovi requiere contactos para la recogida de datos con el fin de prestar servicios de an\u00e1lisis y gesti\u00f3n de la informaci\u00f3n. Estos contactos se dirigen siempre a personas, por lo que realizamos tratamientos de datos personales siempre que prestamos servicios.Garantizamos siempre la licitud de los tratamientos que realizamos, lo que puede garantizarse por varias v\u00edas, seg\u00fan los casos:<\/li>\r\n<li>\r\n<ol>\r\n<li><strong>1.<\/strong> Como subcontratista de un cliente nuestro, donde el cliente, como responsable del tratamiento, nos transmite sus datos personales para que nos pongamos en contacto con \u00e9l.<\/li>\r\n<\/ol>\r\n<\/li>\r\n<\/ul>\r\n<p>&nbsp;<\/p>\r\n<h2>Qu\u00e9 hacemos con sus datos al final del tratamiento<\/h2>\r\n<p>Los datos personales que utilizamos se emplean exclusivamente para generar estad\u00edsticas, por lo que una vez finalizada la operaci\u00f3n de tratamiento que respaldaba la finalidad para la que se recogieron sus datos, anonimizamos los registros o incluso los destruimos por completo.<\/p>\r\n<p>&nbsp;<\/p>\r\n<h2>Periodo de conservaci\u00f3n<\/h2>\r\n<p>S\u00f3lo conservamos los datos personales durante el periodo necesario para cumplir los fines para los que fueron recogidos, que suele ser breve.<\/p>\r\n<p>En los casos en que necesitemos conservar los datos durante un periodo m\u00e1s largo, estos datos se convertir\u00e1n en an\u00f3nimos.<\/p>\r\n<p>&nbsp;<\/p>\r\n<h2>Seguridad<\/h2>\r\n<p>La seguridad de la informaci\u00f3n y la protecci\u00f3n de los datos personales es una prioridad para Mooovi. Garantizamos que nuestros procedimientos internos para la seguridad de los datos personales cumplen la normativa pertinente. Cuando necesitamos recurrir a terceros, nos aseguramos de que estos terceros est\u00e1n vinculados a Mooovi por contrato y de que garantizan una protecci\u00f3n adecuada de los datos personales a los que tienen acceso. Limitamos el acceso a los datos personales a los empleados directamente implicados en las operaciones de tratamiento definidas y estrictamente dentro del \u00e1mbito de sus funciones. Tomamos las medidas necesarias para garantizar un tratamiento seguro de los datos personales y protegerlos de p\u00e9rdidas y manipulaciones frente al acceso de personas no autorizadas. Todos los datos personales que procesamos se almacenan en sistemas de informaci\u00f3n seguros de acuerdo con una pol\u00edtica de seguridad, auditados y sometidos a pruebas peri\u00f3dicas.<\/p>\r\n<p>&nbsp;<\/p>\r\n<h2>Confidencialidad<\/h2>\r\n<p>Respetamos la confidencialidad de los datos personales que tratamos, asegur\u00e1ndonos de no revelarlos, distribuirlos o ponerlos a disposici\u00f3n de terceros, salvo en el cumplimiento espec\u00edfico de un servicio de contrataci\u00f3n para apoyar los servicios que prestamos.<\/p>\r\n<p>&nbsp;<\/p>\r\n<h2>Ejercicio de los derechos del interesado<\/h2>\r\n<p>En cualquier momento, como titular de los datos que nos ha facilitado, puede ejercer sus derechos de:<\/p>\r\n<p><strong>Acceder a<\/strong><\/p>\r\n<p>Puede solicitar el acceso a la informaci\u00f3n que tenemos sobre usted;<\/p>\r\n<p><strong>Rectificaci\u00f3n<\/strong><\/p>\r\n<p>Puede solicitar la rectificaci\u00f3n de la informaci\u00f3n si es inexacta o incompleta;<\/p>\r\n<p><strong>Borrado<\/strong><\/p>\r\n<p>Puede solicitar la supresi\u00f3n de sus datos personales cuando compruebe que ya no son necesarios para los fines para los que fueron recogidos o tratados, que no existen intereses leg\u00edtimos imperiosos o cuando retire su consentimiento al tratamiento de los datos y no exista ning\u00fan otro motivo para el tratamiento;<\/p>\r\n<p><strong>Retirada del consentimiento<\/strong><\/p>\r\n<p>Tiene derecho a retirar su consentimiento en cualquier momento.<\/p>\r\n<p>&nbsp;<\/p>\r\n<h2>Derechos de limitaci\u00f3n y oposici\u00f3n al tratamiento<\/h2>\r\n<p>S\u00f3lo es pertinente solicitar la limitaci\u00f3n del tratamiento de tus datos personales durante el plazo que transcurra entre que impugnes la exactitud de tus datos personales y Mooovi los haya rectificado, o si detectas que, por alg\u00fan motivo, estamos tratando tus datos de forma il\u00edcita y prefieres la limitaci\u00f3n de su uso en lugar de su supresi\u00f3n; no obstante, en el \u00e1mbito de las operaciones de tratamiento y para la finalidad para la que Moooviovi realiza el tratamiento, operaciones estad\u00edsticas, no se da esta situaci\u00f3n y es leg\u00edtimo que Mooovi opte por la supresi\u00f3n de los datos recogidos;<\/p>\r\n<p>S\u00f3lo es pertinente solicitar la oposici\u00f3n al tratamiento hasta que se compruebe que los motivos leg\u00edtimos del responsable del tratamiento prevalecen sobre los del interesado, o si el tratamiento de datos se lleva a cabo con fines de mercadotecnia directa o elaboraci\u00f3n de perfiles. No obstante, en el \u00e1mbito de las operaciones de tratamiento y para la finalidad para la que Moooviovi lleva a cabo operaciones estad\u00edsticas, no se da esta situaci\u00f3n y es leg\u00edtimo que Mooovi opte por la supresi\u00f3n de los datos recogidos;<\/p>\r\n<p>Los datos personales que recogemos son como m\u00e1ximo el nombre y un medio de contacto, mayoritariamente telef\u00f3nico, por lo que no es necesario el derecho a la portabilidad de los datos.<\/p>\r\n<p>&nbsp;<\/p>\r\n<h2>Tramitaci\u00f3n de las solicitudes de ejercicio de los derechos de los interesados sobre sus datos<\/h2>\r\n<p>Las solicitudes podr\u00e1n dirigirse mediante cualquier forma de contacto con Mooovi como responsable del tratamiento y se tramitar\u00e1n de forma que se garantice la efectividad de sus derechos. Es posible que se le pida que acredite su identidad para garantizar que los datos personales s\u00f3lo se comparten con el interesado. Se le informar\u00e1 de las medidas adoptadas para dar cumplimiento al ejercicio de su derecho. Tambi\u00e9n tiene derecho a presentar una reclamaci\u00f3n ante el CNPD. Tratamiento de datos personales de forma que ya no puedan atribuirse a un interesado concreto sin recurrir a informaci\u00f3n adicional, siempre que dicha informaci\u00f3n adicional se conserve por separado y est\u00e9 sujeta a medidas t\u00e9cnicas y organizativas que garanticen que los datos personales no puedan atribuirse a una persona f\u00edsica identificada o identificable.<\/p>\r\n<p>&nbsp;<\/p>\r\n<h2>Informaci\u00f3n general<\/h2>\r\n<p>Este sitio utiliza cookies. Las \u00abcookies\u00bb son archivos de texto almacenados en su ordenador o dispositivo m\u00f3vil por un servidor web. S\u00f3lo este servidor puede recuperar o leer el contenido de la cookie, para que el sitio pueda recordar las preferencias de su navegador de Internet y una navegaci\u00f3n eficaz. Las cookies hacen que la interacci\u00f3n entre el usuario y el sitio web sea r\u00e1pida y eficaz. Por lo tanto, el sitio registra informaci\u00f3n sobre su visita, que puede ayudarle en su pr\u00f3xima visita y hacer que el sitio sea m\u00e1s \u00fatil.<\/p>\r\n<p>&nbsp;<\/p>\r\n<h2>\u00bfC\u00f3mo funcionan las cookies?<\/h2>\r\n<p>Las cookies s\u00f3lo pueden almacenar texto, que suele ser siempre an\u00f3nimo y cifrado. Las cookies no almacenan informaci\u00f3n personal, ni pueden vincularse a una persona identificada o identificable. Permiten al sitio conservar su informaci\u00f3n entre p\u00e1ginas y analizar c\u00f3mo interact\u00faan las personas con \u00e9l. Las cookies son seguras porque s\u00f3lo pueden almacenar la informaci\u00f3n que muestra el navegador, es decir, la que el usuario introduce en el navegador o contiene al visitar la p\u00e1gina. No es posible ejecutar c\u00f3digo ni utilizar las cookies para acceder a su ordenador. Si una p\u00e1gina web cifra la informaci\u00f3n contenida en una cookie, s\u00f3lo ese sitio puede leer esa informaci\u00f3n.<\/p>\r\n<p>&nbsp;<\/p>\r\n<h2>\u00bfQu\u00e9 tipos de cookies utilizamos?<\/h2>\r\n<ul>\r\n<li><strong>1.<\/strong> Tipos de cookies seg\u00fan la entidad que las gestione:\r\n<ol>\r\n<li>Dependiendo de la entidad que explote el ordenador o dominio desde donde se env\u00edan las cookies y de la forma en que trate los datos que se obtengan, podemos distinguir entre:<\/li>\r\n<li><strong>\u2022<\/strong> Cookies de dominio: Son aqu\u00e9llas que se env\u00edan al equipo terminal del usuario desde un equipo o dominio gestionado por el propio editor y desde el que se presta el servicio solicitado por el usuario.<\/li>\r\n<li><strong>\u2022<\/strong>\u00a0 Cookies de terceros: son aqu\u00e9llas que se env\u00edan al equipo terminal del usuario desde un equipo o dominio que no es gestionado por el editor, sino por otra entidad que trata los datos obtenidos trav\u00e9s de las cookies. Si las cookies se instalan desde un equipo o dominio gestionado por el propio editor, pero la informaci\u00f3n que se recoge es gestionada por un tercero, no pueden ser consideradas \u00abcookies de dominio\u00bb.<\/li>\r\n<\/ol>\r\n<\/li>\r\n<li><strong>2.<\/strong> Tipos de cookies en funci\u00f3n del tiempo que permanecen activas:\r\n<ol>\r\n<li>En funci\u00f3n del plazo de permanencia de las cookies en los terminales podemos distinguir entre:<\/li>\r\n<li><strong>\u2022<\/strong>\u00a0 Cookies de sesi\u00f3n: est\u00e1n dise\u00f1adas para recabar y almacenar datos mientras el usuario accede a una p\u00e1gina web. Se suelen emplear para almacenar informaci\u00f3n relacionada con un servicio solicitado por el usuario en una sola ocasi\u00f3n (por ejemplo, una lista de productos adquiridos).<\/li>\r\n<li><strong>\u2022<\/strong>\u00a0 Cookies persistentes: representan datos almacenados en el terminal que pueden ser consultados y tratados durante un periodo definido por el responsable de las cookies, y que puede ir de unos minutos a varios a\u00f1os.<\/li>\r\n<\/ol>\r\n<\/li>\r\n<li><strong>3.<\/strong> Tipos de cookies seg\u00fan su finalidad:\r\n<ol>\r\n<li>En funci\u00f3n de la finalidad de la recogida de datos mediante cookies, podemos distinguir entre:<\/li>\r\n<li><strong>\u2022<\/strong>\u00a0 Cookies t\u00e9cnicas: Son aqu\u00e9llas que permiten al usuario la navegaci\u00f3n a trav\u00e9s de una p\u00e1gina web o aplicaci\u00f3n y la utilizaci\u00f3n de las diferentes opciones o servicios que en ella existan como, por ejemplo, controlar el tr\u00e1fico y la comunicaci\u00f3n de datos, identificar la sesi\u00f3n, acceder a partes de acceso restringido, almacenar los elementos que integran un pedido, realizar el proceso de pago de un pedido, realizar la solicitud de inscripci\u00f3n o participaci\u00f3n en un evento, utilizar elementos de seguridad durante la navegaci\u00f3n a trav\u00e9s de contenidos de una tienda o compartir contenidos de sonido y v\u00eddeo a trav\u00e9s de redes sociales.<\/li>\r\n<li><strong>\u2022<\/strong>\u00a0 Cookies de personalizaci\u00f3n: permiten al usuario acceder al servicio con algunas funcionalidades de car\u00e1cter general predefinidas en funci\u00f3n de una serie de criterios en el terminal del usuario como por ejemplo serian el idioma, el tipo de navegador a trav\u00e9s del cual accede al servicio, el lugar desde donde accede al servicio, etc.<\/li>\r\n<li><strong>\u2022<\/strong> Cookies de an\u00e1lisis: Son aqu\u00e9llas que permiten al responsable de las mismas, el seguimiento y an\u00e1lisis del comportamiento de los usuarios de los sitios web. La informaci\u00f3n recogida mediante este tipo de cookies se utiliza en la medici\u00f3n de la actividad de los sitios web, aplicaci\u00f3n o plataforma y para la elaboraci\u00f3n de perfiles de navegaci\u00f3n de los usuarios de dichos sitios, con el fin de introducir mejoras en funci\u00f3n del an\u00e1lisis de los datos de uso que hacen los usuarios del servicio.<\/li>\r\n<\/ol>\r\n<\/li>\r\n<\/ul>\r\n<p>&nbsp;<\/p>\r\n<h2>Herramientas de gesti\u00f3n Cookies<\/h2>\r\n<p>Este sitio web utiliza Google Analytics.<\/p>\r\n<p>Google Analytics es una herramienta gratuita para la obtenci\u00f3n de datos estad\u00edsticos de internet, creada por Google, cuya funci\u00f3n principal es permitir a los propietarios de sitios web conocer c\u00f3mo interact\u00faan los usuarios con su sitio web. Asimismo, activa cookies en el dominio del sitio web en el que te encuentras y utiliza un conjunto de cookies denominadas \u00ab__utma\u00bb y \u00ab__utmz\u00bb para recopilar informaci\u00f3n de forma an\u00f3nima y presentar tendencias del sitio web sin identificar a usuarios individuales.<\/p>\r\n<p>Para crear estad\u00edsticas sobre el uso de este sitio web, se utilizan cookies para determinar el n\u00famero de visitantes habituales y los contenidos de mayor inter\u00e9s. De este modo podemos concentrar nuestros esfuerzos en mejorar las \u00e1reas m\u00e1s visitadas y facilitarle la b\u00fasqueda. Este sitio web consulta datos sobre la conducta y puede utilizar c\u00e1lculos estad\u00edsticos relativos a datos an\u00f3nimos para garantizar la continuidad del servicio o para introducir mejoras en sus sitios web. Para m\u00e1s informaci\u00f3n, consulte el siguiente enlace sobre la pol\u00edtica de privacidad.<\/p>\r\n<p><a href=\"https:\/\/policies.google.com\/privacy?hl=pt\">https:\/\/policies.google.com\/privacy?hl=pt<\/a><\/p>\r\n<p>&nbsp;<\/p>\r\n<h2>C\u00f3mo gestionar las cookies en su ordenador: desactivaci\u00f3n y eliminaci\u00f3n de cookies<\/h2>\r\n<p>Todos los navegadores de Internet permiten limitar el comportamiento de una cookie o desactivar las cookies en la configuraci\u00f3n u opciones del navegador. Los pasos de este proceso son diferentes en todos los navegadores. Puede encontrar m\u00e1s instrucciones en el men\u00fa de ayuda de su navegador.<\/p>\r\n<p>Si rechaza el uso de cookies, lo que puede hacer a trav\u00e9s de los men\u00fas de preferencias o configuraci\u00f3n de su navegador, este sitio web seguir\u00e1 funcionando correctamente sin el uso de cookies.<\/p>\r\n<p>Usted puede autorizar, bloquear o eliminar las cookies instaladas en su equipo mediante la configuraci\u00f3n de las opciones del navegador instalado en el mismo.<\/p>\r\n<p>A trav\u00e9s de su navegador, tambi\u00e9n puede ver las cookies que existen en su ordenador y eliminarlas seg\u00fan su preferencia. Las cookies son archivos de texto que pueden abrirse y leerse. Los datos que contienen casi siempre est\u00e1n cifrados mediante una clave num\u00e9rica vinculada a una sesi\u00f3n de Internet. Como tales, a menudo carecen de significado excepto para el sitio web que las cre\u00f3.<\/p>\r\n<p>&nbsp;<\/p>\r\n<h2>\u00bfCookies en los correos electr\u00f3nicos?<\/h2>\r\n<p>Nuestros correos electr\u00f3nicos contienen cookies que comprueban si se abren nuestros correos y si se hace clic en los enlaces que contienen. Las cookies que utilizamos en nuestros correos electr\u00f3nicos para controlar ese comportamiento son exclusivas de cada correo electr\u00f3nico y no se almacenan en el ordenador o dispositivo m\u00f3vil del usuario.<\/p>\r\n<p>&nbsp;<\/p>\r\n<h2>Consentimiento informado<\/h2>\r\n<p>El uso de este sitio web, a su vez, implica que el usuario ha otorgado su consentimiento expreso e inequ\u00edvoco para el uso de cookies, en los t\u00e9rminos y condiciones previstos en la presente Pol\u00edtica de Cookies, sin perjuicio de las medidas de desactivaci\u00f3n y eliminaci\u00f3n de cookies que puedan llevarse a cabo, conforme a lo referido en apartados anteriores.<\/p>","protected":false},"excerpt":{"rendered":"<p>Esta Pol\u00edtica de privacidad describe qui\u00e9nes somos, para qu\u00e9 utilizamos sus datos, c\u00f3mo los tratamos, con qui\u00e9n los compartimos, durante cu\u00e1nto tiempo los conservamos, as\u00ed como las formas de ponerse en contacto con nosotros y ejercer sus derechos. &nbsp; C\u00f3mo contactar Mooovi Puede ponerse en contacto con Mooovi por correo electr\u00f3nico en la direcci\u00f3n info@mooovi.pt. [&hellip;]<\/p>\n","protected":false},"author":1,"featured_media":0,"parent":0,"menu_order":0,"comment_status":"closed","ping_status":"open","template":"","meta":{"footnotes":""},"class_list":["post-3","page","type-page","status-publish","hentry"],"acf":[],"_links":{"self":[{"href":"https:\/\/beta2.celeuma.pt\/cim\/es\/wp-json\/wp\/v2\/pages\/3","targetHints":{"allow":["GET"]}}],"collection":[{"href":"https:\/\/beta2.celeuma.pt\/cim\/es\/wp-json\/wp\/v2\/pages"}],"about":[{"href":"https:\/\/beta2.celeuma.pt\/cim\/es\/wp-json\/wp\/v2\/types\/page"}],"author":[{"embeddable":true,"href":"https:\/\/beta2.celeuma.pt\/cim\/es\/wp-json\/wp\/v2\/users\/1"}],"replies":[{"embeddable":true,"href":"https:\/\/beta2.celeuma.pt\/cim\/es\/wp-json\/wp\/v2\/comments?post=3"}],"version-history":[{"count":12,"href":"https:\/\/beta2.celeuma.pt\/cim\/es\/wp-json\/wp\/v2\/pages\/3\/revisions"}],"predecessor-version":[{"id":104,"href":"https:\/\/beta2.celeuma.pt\/cim\/es\/wp-json\/wp\/v2\/pages\/3\/revisions\/104"}],"wp:attachment":[{"href":"https:\/\/beta2.celeuma.pt\/cim\/es\/wp-json\/wp\/v2\/media?parent=3"}],"curies":[{"name":"wp","href":"https:\/\/api.w.org\/{rel}","templated":true}]}}