{"id":116,"date":"2023-08-22T15:09:24","date_gmt":"2023-08-22T15:09:24","guid":{"rendered":"https:\/\/beta2.celeuma.pt\/cim\/?page_id=116"},"modified":"2023-10-23T11:52:28","modified_gmt":"2023-10-23T11:52:28","slug":"faqs","status":"publish","type":"page","link":"https:\/\/beta2.celeuma.pt\/cim\/faqs\/","title":{"rendered":"FAQS"},"content":{"rendered":"<p><\/p>\n<h2><strong>A) \u00a0A prop\u00f3sito do sistema intermunicipal de bicicletas para uso publico no M\u00e9dio Tejo<\/strong><\/h2>\n<p><strong>1) Meio B \u2013 descri\u00e7\u00e3o da solu\u00e7\u00e3o<\/strong><\/p>\n<p>Meio B \u00e9 uma solu\u00e7\u00e3o de mobilidade partilhada baseada em bicicletas el\u00e9tricas proposta pela Comunidade Intermunicipal do M\u00e9dio Tejo (CIMT).<\/p>\n<p><strong>2) Onde posso encontrar uma bicicleta?<\/strong><\/p>\n<p>A aplica\u00e7\u00e3o Meio B permite visualizar todas as esta\u00e7\u00f5es do sistema.<\/p>\n<p>Quando a esta\u00e7\u00e3o est\u00e1 laranja, as bicicletas est\u00e3o dispon\u00edveis (basta clicar na esta\u00e7\u00e3o para ver o n\u00famero de bicicletas dispon\u00edveis). Quando a esta\u00e7\u00e3o est\u00e1 cinzenta, n\u00e3o h\u00e1 bicicletas dispon\u00edveis.<\/p>\n<p>&nbsp;<\/p>\n<h2><strong>B) Utiliza\u00e7\u00e3o da bicicleta<\/strong><\/h2>\n<p><strong>1) Como desbloquear a bicicleta?<\/strong><\/p>\n<p>Para desbloquear a sua bicicleta, basta entrar na aplica\u00e7\u00e3o Meio B, (registar-se na primeira vez que aceder \u00e0 aplica\u00e7\u00e3o), digitalizar o c\u00f3digo QR da bicicleta (na parte superior do tubo principal) e ela ser\u00e1 desbloqueada automaticamente.<\/p>\n<p><strong>2) Existe uma idade m\u00ednima para utilizar as bicicletas Meio B?<\/strong><\/p>\n<p>Por raz\u00f5es legais e de seguro, a utiliza\u00e7\u00e3o das bicicletas Meio B s\u00e3o apenas permitidas aos maiores de 16 anos.<\/p>\n<p><strong>3) Onde estacionar a minha bicicleta para terminar a minha viagem?<\/strong><\/p>\n<p>Para terminar a viagem, ter\u00e1 de estacionar devidamente a sua bicicleta numa esta\u00e7\u00e3o Meio B. Fora das esta\u00e7\u00f5es do sistema ser\u00e3o cobrados 0,15 \u20ac por cada 30 minutos.<\/p>\n<p><strong>4) Como bloquear a minha bicicleta?<\/strong><\/p>\n<p>Basta fechar o cadeado na esta\u00e7\u00e3o. Para terminar a sua viagem, a aplica\u00e7\u00e3o pedir\u00e1 que tire uma foto da bicicleta. Um bip avisar\u00e1 que a sua bicicleta est\u00e1 devidamente trancada.<\/p>\n<p><strong>5) \u00c9 poss\u00edvel fazer uma pausa durante a minha viagem?<\/strong><\/p>\n<p>Sim, durante a sua viagem, pode parar a sua bicicleta, trancando-a (cadeado \/ cabo). A sua viagem n\u00e3o termina e nenhum outro utilizador poder\u00e1 desbloquear a sua bicicleta.<\/p>\n<p><strong>6) \u00c9 poss\u00edvel reservar uma bicicleta?<\/strong><\/p>\n<p>N\u00e3o, n\u00e3o \u00e9 poss\u00edvel reservar uma bicicleta.<\/p>\n<p>&nbsp;<\/p>\n<h2><strong>C) Tarifas e meios de pagamento<\/strong><\/h2>\n<p><strong>1) Tenho de subscrever uma assinatura para poder usar uma bicicleta?<\/strong><\/p>\n<p>N\u00e3o, pode usar uma bicicleta sem assinatura, com pagamento por disponibiliza\u00e7\u00e3o.<\/p>\n<p><strong>2) Qual \u00e9 o custo de uma viagem?<\/strong><\/p>\n<p>Se for assinante, os primeiros 60 minutos s\u00e3o gratuitos, depois pagar\u00e1 0,15 \u20ac por cada 30 minutos. Se n\u00e3o \u00e9 assinante, a taxa de desbloqueio \u00e9 de 2\u20ac, e em seguida 0,15 \u20ac por cada 30 minutos, a partir dos 60 minutos.<\/p>\n<p><strong>3) Como fa\u00e7o para mudar de cart\u00e3o de cr\u00e9dito?<\/strong><\/p>\n<p>Na Aplica\u00e7\u00e3o Meio B na sua conta, aceda a \u201cGerir os meios de pagamento\u201d.<\/p>\n<p><strong>4) Como cancelar a minha assinatura?<\/strong><\/p>\n<p>Na aplica\u00e7\u00e3o Meio B, na sua conta, aceda a \u201cAs minhas assinaturas\u201d<\/p>\n<p><strong>5) Posso receber uma fatura?<\/strong><\/p>\n<p>Sim, pode obter uma fatura com a Aplica\u00e7\u00e3o Meio B.<\/p>\n<p>&nbsp;<\/p>\n<h2><strong>D) Urg\u00eancias<\/strong><\/h2>\n<p><strong>1) O que fazer em caso de acidente com uma bicicleta Meio B?<\/strong><\/p>\n<p>Se o acidente for grave, pe\u00e7a ajuda diretamente. Se n\u00e3o, entre em contato connosco atrav\u00e9s da Aplica\u00e7\u00e3o Meio B (sec\u00e7\u00e3o de \u201cContacto\u201d) ou atrav\u00e9s do call center(XXXXXXXX).<\/p>\n<p><strong>2) Quais s\u00e3o os n\u00fameros de emerg\u00eancia?<\/strong><\/p>\n<p>N\u00e3o se esque\u00e7a dos n\u00fameros de emerg\u00eancia: 112 \u00e9 o n\u00famero de emerg\u00eancia v\u00e1lido em todo o territ\u00f3rio nacional e Uni\u00e3o Europeia.<\/p>\n<p><strong>3) Como pode entrar em contacto connosco?<\/strong><\/p>\n<p>Pode entrar em contato connosco atrav\u00e9s da Aplica\u00e7\u00e3o (contacto), pelo telefone +00351 XXX XXX XXX (segunda a sexta-feira) ou pelo correio eletr\u00f3nico <a href=\"mailto:XXXXXX@XXXX.pt\">XXXXXX@XXXX.pt<\/a><\/p>\n<p>&nbsp;<\/p>\n<h2><strong>E) Seguro<\/strong><\/h2>\n<p><strong>1) Existe seguro em caso de acidente?<\/strong><\/p>\n<p>Existe seguro de responsabilidade civil.<\/p>\n<p><strong>2) Existe seguro em caso de roubo da bicicleta?<\/strong><\/p>\n<p>N\u00e3o, em caso de roubo da bicicleta ser-lhe-\u00e1 cobrada uma franquia de 1 500\u20ac.<\/p>\n<p>&nbsp;<\/p>\n<h2><strong>F) Seguran\u00e7a<\/strong><\/h2>\n<p><strong>1) \u00c9 obrigat\u00f3rio o uso de capacete?<\/strong><\/p>\n<p>N\u00e3o \u00e9 obrigat\u00f3rio o uso de capacete, mas aconselhamos vivamente a sua utiliza\u00e7\u00e3o.<\/p>\n<p><strong>2) Qual \u00e9 a velocidade m\u00e1xima autorizada?<\/strong><\/p>\n<p>O utilizador tem de respeitar as regras do C\u00f3digo da Estrada em vigor.<\/p>\n<p><strong>3) Posso usar uma bicicleta com mau tempo?<\/strong><\/p>\n<p>Sim, as nossas bicicletas foram projetadas para serem usadas em qualquer circunst\u00e2ncia. Certifique-se de manter as precau\u00e7\u00f5es necess\u00e1rias em caso de mau tempo, conduzindo com suavidade e sendo ainda mais cuidadoso do que habitualmente.<\/p>\n<p>&nbsp;<\/p>\n<h2><strong>G) Zonas de circula\u00e7\u00e3o<\/strong><\/h2>\n<p><strong>1) Como posso saber de zonas de tr\u00e1fego limitadas?<\/strong><\/p>\n<p>Com o Meio B, n\u00e3o h\u00e1 \u00e1reas demarcadas. Apenas tem de estacionar a bicicleta numa das esta\u00e7\u00f5es para completar a sua viagem.<\/p>\n<p>&nbsp;<\/p>\n<h2><strong>H) Tenho um problema<\/strong><\/h2>\n<p><strong>1) No caso de um problema com uma bicicleta, com quem devo falar?<\/strong><\/p>\n<p>Informe diretamente na Aplica\u00e7\u00e3o clicando no \u00edcone do tri\u00e2ngulo no canto superior direito \u201cRelatar um problema\u201d. Entraremos em contato mais tarde. De qualquer forma, a bicicleta que desbloqueou deve ser trazida de volta para uma esta\u00e7\u00e3o Meio B por forma a completar a viagem e finalizar o aluguer.<\/p>\n<p><strong>2) Para qualquer outro problema, com quem devo falar?<\/strong><\/p>\n<p>Em caso de emerg\u00eancia, pode entrar em contato com o 112, que \u00e9 o n\u00famero de emerg\u00eancia v\u00e1lido em toda a Uni\u00e3o Europeia.<\/p>\n<p>Indique a natureza do problema na sec\u00e7\u00e3o \u201cContacto\u201d do menu. Entraremos em contato mais tarde. Pode tamb\u00e9m entrar em contacto connosco atrav\u00e9s do n\u00famero de telefone +00351 XXX XXX XXX(segunda a sexta-feira) ou pelo correio eletr\u00f3nico\u00a0<a href=\"mailto:XXXX@XXX.pt\">XXXX@XXX.pt<\/a><\/p>\n<p><strong>3) O que fazer em caso de roubo da bicicleta durante a minha viagem?<\/strong><\/p>\n<p>O utilizador \u00e9 respons\u00e1vel pelo seu ve\u00edculo desde o momento em que o desbloqueia, at\u00e9 tranc\u00e1-lo numa esta\u00e7\u00e3o Meio B. Enquanto isso, se roubarem a sua bicicleta, informe diretamente na Aplica\u00e7\u00e3o clicando no \u00edcone do tri\u00e2ngulo no canto superior direito \u201cA minha bicicleta foi roubada\u201d. Entraremos em contacto mais tarde.<\/p>\n<p><strong>4) Tenho um problema de fatura\u00e7\u00e3o, como fa\u00e7o para ser reembolsado?<\/strong><\/p>\n<p>Contacte-nos atrav\u00e9s da Aplica\u00e7\u00e3o (sec\u00e7\u00e3o \u201ccontacto\u201d) ou por correio eletr\u00f3nico:\u00a0<a href=\"mailto:XXXX@XXXX.pt\">XXXX@XXXX.pt<\/a><\/p>\n<p><strong>5) Se vir uma bicicleta abandonada o que devo fazer?<\/strong><\/p>\n<p>Entre em contato connosco atrav\u00e9s da Aplica\u00e7\u00e3o (sec\u00e7\u00e3o de contacto) ou por correio eletr\u00f3nico:\u00a0<a href=\"mailto:XXXX@XXX.XX\">XXXX@XXX.XX<\/a>\u00a0ou pelo telefone +00351 XXX XXX XXX. Obrigado.<\/p>\n<p><strong>6) O que fazer em caso de esquecimento de bloquear a bicicleta na esta\u00e7\u00e3o?<\/strong><\/p>\n<p>Assim que se aperceber, v\u00e1 rapidamente verificar se a bicicleta ainda se encontra no mesmo s\u00edtio onde a deixou. Se n\u00e3o, entre em contato diretamente connosco.<\/p>","protected":false},"excerpt":{"rendered":"<p>A) \u00a0A prop\u00f3sito do sistema intermunicipal de bicicletas para uso publico no M\u00e9dio Tejo 1) Meio B \u2013 descri\u00e7\u00e3o da solu\u00e7\u00e3o Meio B \u00e9 uma solu\u00e7\u00e3o de mobilidade partilhada baseada em bicicletas el\u00e9tricas proposta pela Comunidade Intermunicipal do M\u00e9dio Tejo (CIMT). 2) Onde posso encontrar uma bicicleta? A aplica\u00e7\u00e3o Meio B permite visualizar todas as [&hellip;]<\/p>\n","protected":false},"author":1,"featured_media":157,"parent":0,"menu_order":0,"comment_status":"closed","ping_status":"closed","template":"","meta":{"footnotes":""},"class_list":["post-116","page","type-page","status-publish","has-post-thumbnail","hentry"],"acf":[],"_links":{"self":[{"href":"https:\/\/beta2.celeuma.pt\/cim\/wp-json\/wp\/v2\/pages\/116","targetHints":{"allow":["GET"]}}],"collection":[{"href":"https:\/\/beta2.celeuma.pt\/cim\/wp-json\/wp\/v2\/pages"}],"about":[{"href":"https:\/\/beta2.celeuma.pt\/cim\/wp-json\/wp\/v2\/types\/page"}],"author":[{"embeddable":true,"href":"https:\/\/beta2.celeuma.pt\/cim\/wp-json\/wp\/v2\/users\/1"}],"replies":[{"embeddable":true,"href":"https:\/\/beta2.celeuma.pt\/cim\/wp-json\/wp\/v2\/comments?post=116"}],"version-history":[{"count":5,"href":"https:\/\/beta2.celeuma.pt\/cim\/wp-json\/wp\/v2\/pages\/116\/revisions"}],"predecessor-version":[{"id":180,"href":"https:\/\/beta2.celeuma.pt\/cim\/wp-json\/wp\/v2\/pages\/116\/revisions\/180"}],"wp:featuredmedia":[{"embeddable":true,"href":"https:\/\/beta2.celeuma.pt\/cim\/wp-json\/wp\/v2\/media\/157"}],"wp:attachment":[{"href":"https:\/\/beta2.celeuma.pt\/cim\/wp-json\/wp\/v2\/media?parent=116"}],"curies":[{"name":"wp","href":"https:\/\/api.w.org\/{rel}","templated":true}]}}