{"id":126,"date":"2023-08-22T15:29:41","date_gmt":"2023-08-22T15:29:41","guid":{"rendered":"https:\/\/beta2.celeuma.pt\/cim\/?page_id=126"},"modified":"2023-10-02T15:53:41","modified_gmt":"2023-10-02T15:53:41","slug":"tarifarios","status":"publish","type":"page","link":"https:\/\/beta2.celeuma.pt\/cim\/tarifarios\/","title":{"rendered":"Tarif\u00e1rios"},"content":{"rendered":"<p><strong>Se for assinante, os primeiros 30 minutos s\u00e3o gratu\u00edtos, depois pagar\u00e1 0,05\u20ac por minuto. Se n\u00e3o \u00e9 assinante, a taxa de desbloqueio \u00e9 de 1\u20ac, em seguida 0,05\u20ac por minuto, a partir dos 30 minutos.<\/strong><\/p>\n<h2>Assinatura mensal de 5,00 \u20ac<\/h2>\n<p>D\u00e1 direito ao uso da bicicleta em cada aluguer aos primeiros 30 minutos gr\u00e1tis, sendo os seguintes minutos faturados pelo valor de 0,05 \u20ac\/minuto (minuto come\u00e7ado);<\/p>\n<h2>Assinatura semestral (6 meses) de 25,00 \u20ac<\/h2>\n<p>D\u00e1 o direito de usar a bicicleta em cada aluguer aos primeiros 30 minutos gr\u00e1tis, sendo os seguintes minutos faturados ao valor de 0,05 \u20ac \/minuto (minuto come\u00e7ado);<\/p>\n<h2>Assinatura anual (12 meses) de 45,00 \u20ac<\/h2>\n<p>D\u00e1 direito ao uso da bicicleta em cada aluguer aos primeiros 30 minutos gr\u00e1tis, sendo os seguintes minutos faturados ao valor de 0,05 \u20ac\/minuto (minuto come\u00e7ado).<\/p>","protected":false},"excerpt":{"rendered":"<p>Se for assinante, os primeiros 30 minutos s\u00e3o gratu\u00edtos, depois pagar\u00e1 0,05\u20ac por minuto. Se n\u00e3o \u00e9 assinante, a taxa de desbloqueio \u00e9 de 1\u20ac, em seguida 0,05\u20ac por minuto, a partir dos 30 minutos. Assinatura mensal de 5,00 \u20ac D\u00e1 direito ao uso da bicicleta em cada aluguer aos primeiros 30 minutos gr\u00e1tis, sendo [&hellip;]<\/p>\n","protected":false},"author":1,"featured_media":157,"parent":0,"menu_order":0,"comment_status":"closed","ping_status":"closed","template":"","meta":{"footnotes":""},"class_list":["post-126","page","type-page","status-publish","has-post-thumbnail","hentry"],"acf":[],"_links":{"self":[{"href":"https:\/\/beta2.celeuma.pt\/cim\/wp-json\/wp\/v2\/pages\/126","targetHints":{"allow":["GET"]}}],"collection":[{"href":"https:\/\/beta2.celeuma.pt\/cim\/wp-json\/wp\/v2\/pages"}],"about":[{"href":"https:\/\/beta2.celeuma.pt\/cim\/wp-json\/wp\/v2\/types\/page"}],"author":[{"embeddable":true,"href":"https:\/\/beta2.celeuma.pt\/cim\/wp-json\/wp\/v2\/users\/1"}],"replies":[{"embeddable":true,"href":"https:\/\/beta2.celeuma.pt\/cim\/wp-json\/wp\/v2\/comments?post=126"}],"version-history":[{"count":3,"href":"https:\/\/beta2.celeuma.pt\/cim\/wp-json\/wp\/v2\/pages\/126\/revisions"}],"predecessor-version":[{"id":144,"href":"https:\/\/beta2.celeuma.pt\/cim\/wp-json\/wp\/v2\/pages\/126\/revisions\/144"}],"wp:featuredmedia":[{"embeddable":true,"href":"https:\/\/beta2.celeuma.pt\/cim\/wp-json\/wp\/v2\/media\/157"}],"wp:attachment":[{"href":"https:\/\/beta2.celeuma.pt\/cim\/wp-json\/wp\/v2\/media?parent=126"}],"curies":[{"name":"wp","href":"https:\/\/api.w.org\/{rel}","templated":true}]}}