{"id":3,"date":"2022-08-19T16:55:09","date_gmt":"2022-08-19T16:55:09","guid":{"rendered":"https:\/\/beta2.celeuma.pt\/cim\/?page_id=3"},"modified":"2023-05-04T09:59:22","modified_gmt":"2023-05-04T09:59:22","slug":"politica-privacidade","status":"publish","type":"page","link":"https:\/\/beta2.celeuma.pt\/cim\/politica-privacidade\/","title":{"rendered":"Pol\u00edtica de privacidade"},"content":{"rendered":"<div class=\"col-12\">Esta Pol\u00edtica de Privacidade descreve quem somos, para que finalidades usamos os seus dados, como os tratamos, com quem os partilhamos, durante quanto tempo os conservamos, assim como as formas de entrar em contacto connosco e de exercer os seus direitos.\r\n<p>&nbsp;<\/p>\r\n<h2>Como entrar em contacto com a Mooovi<\/h2>\r\n<p>A Mooovi, pode ser contactada por e-mail atrav\u00e9s do endere\u00e7o info@mooovi.pt.<\/p>\r\n<p>A Mooovi \u00e9 respons\u00e1vel pelo tratamento de dados pessoais que recolhe e trata, no respeito pelos requisitos expressos no Regulamento Geral sobre a Prote\u00e7\u00e3o de Dados.<\/p>\r\n<p>&nbsp;<\/p>\r\n<h2>Porque tratamos os seus dados pessoais<\/h2>\r\n<ul>\r\n<li>Os dados pessoais que tratamos s\u00e3o sempre recolhidos com uma finalidade espec\u00edfica e para um tratamento espec\u00edfico ap\u00f3s o que s\u00e3o transformados em dados an\u00f3nimos.<\/li>\r\n<li>\r\n<ol>\r\n<li><strong>1.<\/strong>\u00a0O cumprimento de obriga\u00e7\u00f5es legais que se nos apliquem, quer a clientes e fornecedores, quer aos nossos colaboradores;<\/li>\r\n<li><strong>2.<\/strong>\u00a0A execu\u00e7\u00e3o de contratos ou para dilig\u00eancias pr\u00e9 contratuais no \u00e2mbito da nossa atividade;<\/li>\r\n<li><strong>3.<\/strong>\u00a0Para executar os servi\u00e7os que prestamos, em que obtemos o consentimento do titular dos dados para tratar os seus dados pessoais para finalidades espec\u00edficas, expl\u00edcitas e leg\u00edtimas, claramente informadas no momento do contacto;<\/li>\r\n<li><strong>4.<\/strong>\u00a0Podemos ainda tratar informa\u00e7\u00e3o se tivermos um interesse leg\u00edtimo para o fazer, desde que, e em cada caso, o nosso interesse esteja em conformidade com os direitos do titular dos dados, como acontece com a nossa comunica\u00e7\u00e3o com clientes e potenciais clientes, fornecedores e potenciais fornecedores e no recrutamento de novos colaboradores ou prestadores de servi\u00e7os.<\/li>\r\n<\/ol>\r\n<\/li>\r\n<\/ul>\r\n<p>&nbsp;<\/p>\r\n<h2>Licitude para o tratamento dos seus dados pessoais<\/h2>\r\n<ul>\r\n<li>A atividade comercial da Mooovi precisa de realizar contactos para recolha de dados que visam a presta\u00e7\u00e3o de servi\u00e7os de an\u00e1lise e gest\u00e3o de informa\u00e7\u00e3o. Estes contactos s\u00e3o sempre endere\u00e7ados a pessoas, pelo que realizamos opera\u00e7\u00f5es de tratamento de dados pessoais sempre que prestamos servi\u00e7os.Garantimos sempre a licitude das opera\u00e7\u00f5es de tratamento que fazemos, que pode ser garantida por v\u00e1rias formas, conforme os casos:<\/li>\r\n<li>\r\n<ol>\r\n<li><strong>1.<\/strong>\u00a0Como subcontratante de um cliente nosso, em que este, enquanto respons\u00e1vel pelo tratamento, nos transmite os seus dados pessoais para que o possamos contactar.<\/li>\r\n<\/ol>\r\n<\/li>\r\n<\/ul>\r\n<p>&nbsp;<\/p>\r\n<h2>O que fazemos com os seus dados no final do tratamento<\/h2>\r\n<p>Os dados pessoais que utilizamos servem exclusivamente para gerar estat\u00edsticas, pelo que, finalizada a opera\u00e7\u00e3o de tratamento que suportou a finalidade para a qual os seus dados foram recolhidos, procedemos \u00e0 anonimiza\u00e7\u00e3o dos registos ou mesmo a sua total destrui\u00e7\u00e3o.<\/p>\r\n<p>&nbsp;<\/p>\r\n<h2>Per\u00edodo de reten\u00e7\u00e3o<\/h2>\r\n<p>Apenas conservamos dados pessoais durante o per\u00edodo necess\u00e1rio para a observ\u00e2ncia dos prop\u00f3sitos para os quais estes foram recolhidos que \u00e9, geralmente, reduzido.<\/p>\r\n<p>Nos casos em que necessitamos de conservar os dados por um per\u00edodo maior, estes dados ser\u00e3o tornados an\u00f3nimos.<\/p>\r\n<p>&nbsp;<\/p>\r\n<h2>Seguran\u00e7a<\/h2>\r\n<p>A seguran\u00e7a da informa\u00e7\u00e3o e a prote\u00e7\u00e3o de dados pessoais \u00e9 uma prioridade para a Mooovi. Asseguramos os meios de prote\u00e7\u00e3o adequados para que os nossos procedimentos internos para a seguran\u00e7a dos dados pessoais estejam em conformidade com a regulamenta\u00e7\u00e3o em vigor. No caso em que necessitamos de recorrer a entidades terceiras, garantimos que estas est\u00e3o vinculadas com a Mooovi sob contrato e que garantem uma prote\u00e7\u00e3o adequada dos dados pessoais a que tenham acesso. Limitamos o acesso a dados pessoais aos colaboradores diretamente envolvidos nas opera\u00e7\u00f5es de tratamento definidas e estritamente no \u00e2mbito das suas fun\u00e7\u00f5es. Tomamos as medidas necess\u00e1rias para garantir o tratamento seguro dos dados pessoais e proteg\u00ea-los contra perdas e viola\u00e7\u00f5es de acesso por pessoas n\u00e3o autorizados. Todos os dados pessoais que tratamos s\u00e3o armazenados em sistemas de informa\u00e7\u00e3o seguros, de acordo com uma pol\u00edtica de seguran\u00e7a, auditados e submetidos a testes peri\u00f3dicos.<\/p>\r\n<p>&nbsp;<\/p>\r\n<h2>Confidencialidade<\/h2>\r\n<p>Respeitamos a confidencialidade dos dados pessoais que tratamos, garantindo que n\u00e3o a difundimos, distribu\u00edmos ou disponibilizamos a terceiros que n\u00e3o seja no cumprimento espec\u00edfico de um servi\u00e7o de contrata\u00e7\u00e3o para apoio aos servi\u00e7os que prestamos.<\/p>\r\n<p>&nbsp;<\/p>\r\n<h2>Exerc\u00edcio dos direitos dos titulares<\/h2>\r\n<p>A qualquer momento, enquanto titular dos dados que nos forneceu, pode exercer os seus direitos de:<\/p>\r\n<h5><strong>Acesso<\/strong><\/h5>\r\n<p>Pode solicitar o acesso \u00e0 informa\u00e7\u00e3o que detemos sobre si;<\/p>\r\n<h5><strong>Retifica\u00e7\u00e3o<\/strong><\/h5>\r\n<p>Pode solicitar a retifica\u00e7\u00e3o da informa\u00e7\u00e3o caso esteja inexata ou incompleta;<\/p>\r\n<h5><strong>Apagamento<\/strong><\/h5>\r\n<p>Pode solicitar o apagamento dos seus dados pessoais, sempre que verifique que os seus dados pessoais deixaram de ser necess\u00e1rios para a finalidade que motivou a sua recolha ou tratamento, que n\u00e3o existem interesses leg\u00edtimos prevalecentes ou por retirar o consentimento para o tratamento de dados e n\u00e3o existir outro fundamento para o referido tratamento;<\/p>\r\n<h5><strong>Retirada do consentimento<\/strong><\/h5>\r\n<p>Tem o direito a retirar o seu consentimento em qualquer altura.<\/p>\r\n<p>&nbsp;<\/p>\r\n<h2>Direitos de limita\u00e7\u00e3o e oposi\u00e7\u00e3o ao tratamento<\/h2>\r\n<p>S\u00f3 \u00e9 relevante solicitar a limita\u00e7\u00e3o do tratamento dos seus dados pessoais pelo per\u00edodo entre ter contestado a exatid\u00e3o dos seus dados pessoais e a Mooovi ter procedido \u00e0 retifica\u00e7\u00e3o, ou se detetasse que, por alguma raz\u00e3o, estiv\u00e9ssemos a proceder ao tratamento dos seus dados de forma il\u00edcita e preferir a limita\u00e7\u00e3o da utiliza\u00e7\u00e3o destes em alternativa ao apagamento; Ora, no \u00e2mbito das opera\u00e7\u00f5es de tratamento e para a finalidade que a Mooovi procede ao tratamento, opera\u00e7\u00f5es estat\u00edsticas, tal situa\u00e7\u00e3o n\u00e3o se coloca sendo leg\u00edtimo para a Mooovi optar pelo apagamento dos dados recolhidos;<\/p>\r\n<p>S\u00f3 \u00e9 relevante solicitar oposi\u00e7\u00e3o ao tratamento, at\u00e9 se verificar que os motivos leg\u00edtimos do respons\u00e1vel pelo tratamento prevalecem sobre os do titular dos dados, ou se o tratamento de dados for efetuado para efeitos de marketing direto ou defini\u00e7\u00e3o de perfis; Ora, no \u00e2mbito das opera\u00e7\u00f5es de tratamento e para a finalidade que a Mooovi procede ao tratamento, opera\u00e7\u00f5es estat\u00edsticas, tal situa\u00e7\u00e3o n\u00e3o se coloca sendo leg\u00edtimo para a Mooovi optar pelo apagamento dos dados recolhidos;<\/p>\r\n<p>Os dados pessoais que recolhemos s\u00e3o como m\u00e1ximo o nome e um meio de contacto, maioritariamente o contacto telef\u00f3nico, pelo que o direito \u00e0 portabilidade dos dados pessoais n\u00e3o se manifesta necess\u00e1rio.<\/p>\r\n<p>&nbsp;<\/p>\r\n<h2>Tratamento dos pedidos de exerc\u00edcio de direito dos titulares sobre os seus dados<\/h2>\r\n<p>Os pedidos podem ser endere\u00e7ados por qualquer forma de contacto com a Mooovi, enquanto respons\u00e1vel pelo tratamento e ser\u00e3o tratados de forma a assegurarmos a efic\u00e1cia dos seus direitos. Poder\u00e1 ser-lhe pedido que fa\u00e7a prova da sua identidade de modo a assegurar que a partilha dos dados pessoais \u00e9 apenas feita com o seu titular. Ser\u00e1 informado das medidas tomadas em fun\u00e7\u00e3o do cumprimento do seu exerc\u00edcio de direito. Tem ainda o direito de apresentar uma reclama\u00e7\u00e3o \u00e0 Comiss\u00e3o Nacional de Prote\u00e7\u00e3o de Dados. Tratamento de dados pessoais de forma a que deixem de poder ser atribu\u00eddos a um titular de dados espec\u00edfico sem recorrer a informa\u00e7\u00f5es suplementares, desde que essas informa\u00e7\u00f5es suplementares sejam mantidas separadamente e sujeitas a medidas t\u00e9cnicas e organizativas para assegurar que os dados pessoais n\u00e3o possam ser atribu\u00eddos a uma pessoa singular identificada ou identific\u00e1vel.<\/p>\r\n<p>&nbsp;<\/p>\r\n<h2>Informa\u00e7\u00f5es Gerais<\/h2>\r\n<p>Este site utiliza cookies. \u00ab\u00a0Cookies\u00a0\u00bb s\u00e3o ficheiros de texto armazenados no seu computador ou dispositivo m\u00f3vel atrav\u00e9s de um servidor da web. Somente este servidor pode recuperar ou ler o conte\u00fado do cookie, para que o site se possa lembrar das prefer\u00eancias do navegador de internet e uma navega\u00e7\u00e3o eficaz. Os cookies fazem com que a intera\u00e7\u00e3o entre o utilizador e o site aconte\u00e7a de forma r\u00e1pida e eficaz. Portanto, o site regista informa\u00e7\u00f5es sobre a sua visita, que podem ajud\u00e1-lo na sua pr\u00f3xima visita e tornam o site mais \u00fatil.<\/p>\r\n<p>&nbsp;<\/p>\r\n<h2>Como funcionam os Cookies?<\/h2>\r\n<p>Os cookies s\u00f3 podem armazenas texto, que geralmente \u00e9 sempre an\u00f3nimo e encriptado. Os cookies n\u00e3o armazenam informa\u00e7\u00f5es pessoais, nem podem ser associados a uma pessoa identificada ou identific\u00e1vel. Os dados permitem que o site retenha as suas informa\u00e7\u00f5es entre as p\u00e1ginas e analise a maneira como as pessoas interagem com ele. Os cookies s\u00e3o seguros porque s\u00f3 podem guardar as informa\u00e7\u00f5es apresentadas pelo navegador, ou seja, as informa\u00e7\u00f5es que o utilizador introduz no navegador da Internet ou as que cont\u00e9m quando visita a p\u00e1gina. N\u00e3o \u00e9 poss\u00edvel executar c\u00f3digo ou usar cookies para aceder ao seu computador. Se uma p\u00e1gina web encriptar as informa\u00e7\u00f5es contidas num cookie, apenas esse site pode ler essas informa\u00e7\u00f5es.<\/p>\r\n<p>&nbsp;<\/p>\r\n<h2>Que tipos de cookies utilizamos?<\/h2>\r\n<ul>\r\n<li><strong>1.<\/strong>\u00a0Tipos de cookies consoante a entidade que os gere:\r\n<ol>\r\n<li>Dependendo da entidade que opera o computador ou dom\u00ednio a partir do qual os cookies s\u00e3o enviados e de como trata os dados obtidos, podemos distinguir entre:<\/li>\r\n<li><strong>\u2022<\/strong>\u00a0Cookies de Dom\u00ednio: s\u00e3o enviados para o computador do utilizador final a partir de um computador ou dom\u00ednio gerido pelo editor e a partir do qual \u00e9 fornecido o servi\u00e7o solicitado pelo utilizador.<\/li>\r\n<li><strong>\u2022<\/strong>\u00a0\u00a0 Cookies de terceiros: s\u00e3o enviados para o computador do utilizador final a partir de uma m\u00e1quina ou dom\u00ednio que n\u00e3o \u00e9 gerido pelo editor, mas sim por outra entidade que processa os dados obtidos atrav\u00e9s de cookies. Caso os cookies sejam instalados a partir de um computador ou dom\u00ednio gerido pelo pr\u00f3prio editor, mas as informa\u00e7\u00f5es recolhidas sejam geridoas por terceiros, estes n\u00e3o podem ser considerados \u00ab\u00a0cookies de dom\u00ednio\u00a0\u00bb.<\/li>\r\n<\/ol>\r\n<\/li>\r\n<li><strong>2.<\/strong>\u00a0Tipos de cookies consoante o per\u00edodo em que permanecem ativos:\r\n<ol>\r\n<li>Dependendo do per\u00edodo em que os cookies permanecem ativos nos terminais, podemos distinguir entre:<\/li>\r\n<li><strong>\u2022<\/strong>\u00a0\u00a0 Cookies de Sess\u00e3o: destinam-se a recolher e a armazenar dados enquanto o utilizador acede a uma p\u00e1gina web. Costumam ser utilizados para armazenar informa\u00e7\u00f5es relativas a um servi\u00e7o solicitado pelo utilizador numa \u00fanica ocasi\u00e3o (por exemplo, uma lista de produtos comprados).<\/li>\r\n<li><strong>\u2022<\/strong>\u00a0\u00a0 Cookies Persistentes: representam dados armazenados no terminal que podem ser consultados e tratados durante um per\u00edodo definido pelo respons\u00e1vel pelos cookies, podendo variar entre alguns minutos e v\u00e1rios anos.<\/li>\r\n<\/ol>\r\n<\/li>\r\n<li><strong>3.<\/strong>\u00a0Tipos de cookies consoante a sua finalidade:\r\n<ol>\r\n<li>Consoante a finalidade de recolha de dados atrav\u00e9s dos cookies, podemos distinguir entre:<\/li>\r\n<li><strong>\u2022<\/strong>\u00a0\u00a0 Cookies T\u00e9cnicos: permitem ao utilizador navegar numa p\u00e1gina web ou aplica\u00e7\u00e3o utilizando as diferentes op\u00e7\u00f5es ou servi\u00e7os existentes nestas, tais como, por exemplo, controlo de tr\u00e1fego e comunica\u00e7\u00e3o de dados, identifica\u00e7\u00e3o da sess\u00e3o, acesso a partes restritas, memoriza\u00e7\u00e3o dos elementos de uma encomenda, realiza\u00e7\u00e3o do processo de pagamento de uma encomenda, pedido de registo ou participa\u00e7\u00e3o num evento, utiliza\u00e7\u00e3o de funcionalidades de seguran\u00e7a durante a navega\u00e7\u00e3o pelos conte\u00fados de uma loja ou a partilha de conte\u00fados de som e v\u00eddeo atrav\u00e9s de redes sociais.<\/li>\r\n<li><strong>\u2022<\/strong>\u00a0\u00a0 Cookies de Personaliza\u00e7\u00e3o: permitem que o utilizador aceda ao servi\u00e7o com algumas funcionalidades de car\u00e1ter geral, com base num conjunto de crit\u00e9rios predefinidos no terminal do utilizador, tais como, por exemplo, o idioma, o tipo de navegador atrav\u00e9s do qual acede ao servi\u00e7o, o local a partir do qual acede ao servi\u00e7o, etc.<\/li>\r\n<li><strong>\u2022<\/strong>\u00a0\u00a0 Cookies anal\u00edticos: permitem ao respons\u00e1vel pelos cookies monitorizar e analisar o comportamento dos utilizadores dos websites. A informa\u00e7\u00e3o recolhida atrav\u00e9s destes cookies \u00e9 utilizada na medi\u00e7\u00e3o da atividade dos websites, aplica\u00e7\u00f5es ou plataformas e na elabora\u00e7\u00e3o de perfis de navega\u00e7\u00e3o dos utilizadores destes, de forma a introduzir melhorias com base na an\u00e1lise dos dados de utiliza\u00e7\u00e3o dos utilizadores do servi\u00e7o.<\/li>\r\n<\/ol>\r\n<\/li>\r\n<\/ul>\r\n<p>&nbsp;<\/p>\r\n<h2>Cookies de Ferramentas de Gest\u00e3o<\/h2>\r\n<p>Este website utiliza o Google Analytics.<\/p>\r\n<p>O Google Analytics \u00e9 uma ferramenta gr\u00e1tis para obter dados estat\u00edsticos da internet, criada pela Google, cuja fun\u00e7\u00e3o principal \u00e9 permitir aos propriet\u00e1rios de websites saber de que forma os utilizadores interagem com o seu website. Tamb\u00e9m ativa cookies no dom\u00ednio de website onde se encontra e utiliza um conjunto de cookies designados \u00ab\u00a0__utma\u00a0\u00bb e \u00ab\u00a0__utmz\u00a0\u00bb para recolher informa\u00e7\u00f5es de forma an\u00f3nima e para apresentar as tend\u00eancias dos websites sem identificar utilizadores individuais.<\/p>\r\n<p class=\"col-12 spartan-thin\">Para criar estat\u00edsticas sobre a utiliza\u00e7\u00e3o deste website, utilizam-se cookies para determinar o n\u00famero de visitantes regulares e os conte\u00fados de maior interesse. Deste modo, podemos concentrar os nossos esfor\u00e7os na melhoria das \u00e1reas mais visitadas e fazer com que o utilizador possa encontrar mais facilmente o que procura. Este website consulta dados sobre a conduta e pode utilizar c\u00e1lculos estat\u00edsticos referentes a dados an\u00f3nimos para garantir a continuidade do servi\u00e7o ou para introduzir melhorias nos seus websites. Para mais informa\u00e7\u00f5es, consulte o link abaixo sobre a pol\u00edtica de privacidade.<\/p>\r\n<p><a class=\"text-green\" href=\"https:\/\/policies.google.com\/privacy?hl=pt\">https:\/\/policies.google.com\/privacy?hl=pt<\/a><\/p>\r\n<p>&nbsp;<\/p>\r\n<h2>Como gerir os cookies no seu computador: desativa\u00e7\u00e3o e elimina\u00e7\u00e3o dos cookies<\/h2>\r\n<p>Todos os navegadores de internet permitem a limita\u00e7\u00e3o do comportamento de um cookie ou a desativa\u00e7\u00e3o dos cookies nas configura\u00e7\u00f5es ou op\u00e7\u00f5es do navegador. As etapas deste processo s\u00e3o diferentes em todos os navegadores. Poder\u00e1 encontrar mais instru\u00e7\u00f5es no menu de ajuda do seu navegador.<\/p>\r\n<p>Se recusar a utiliza\u00e7\u00e3o de cookies, o que \u00e9 poss\u00edvel fazer atrav\u00e9s dos menus de prefer\u00eancias ou configura\u00e7\u00f5es do seu navegador, este website continuar\u00e1 a funcionar devidamente sem a utiliza\u00e7\u00e3o dos mesmos.<\/p>\r\n<p>Poder\u00e1 autorizar, bloquear ou eliminar os cookies instalados no seu computador, configurando as op\u00e7\u00f5es do navegador instalado no mesmo.<\/p>\r\n<p>Atrav\u00e9s do seu navegador, tamb\u00e9m poder\u00e1 visualizar os cookies que existem no seu computador e elimin\u00e1-los de acordo com a sua prefer\u00eancia. Os cookies s\u00e3o ficheiros de texto, sendo poss\u00edvel abri-los e ler os seus conte\u00fados. Os dados contidos nos mesmos est\u00e3o quase sempre encriptados atrav\u00e9s de uma chave num\u00e9rica, relacionada com uma sess\u00e3o de internet. Como tal, muitas vezes n\u00e3o fazem sentido, excepto para o website que os elaborou.<\/p>\r\n<p>&nbsp;<\/p>\r\n<h2>Os Cookies em E-mails?<\/h2>\r\n<p>Os nossos e-mails cont\u00eam cookies que verificam se os nossos e-mails s\u00e3o abertos e se s\u00e3o clicados os links que cont\u00eam. Os cookies que usamos nos nossos e-mails para monitorizar tais comportamentos s\u00e3o \u00fanicos para cada e-mail e n\u00e3o s\u00e3o armazenados no computados ou dispositivo m\u00f3vel do utilizador.<\/p>\r\n<p>&nbsp;<\/p>\r\n<h2>Consentimento Informado<\/h2>\r\n<p>A utiliza\u00e7\u00e3o deste website, por seu turno, implica que o utilizador deu o seu consentimento expresso e inequ\u00edvoco para a utiliza\u00e7\u00e3o de cookies, em conformidade com os termos e condi\u00e7\u00f5es estabelecidos nesta Pol\u00edtica de Cookies, sujeito a medidas de desativa\u00e7\u00e3o e elimina\u00e7\u00e3o de cookies que possam ser efetuadas, conforme referido nas sec\u00e7\u00f5es anteriores.<\/p>\r\n<\/div>","protected":false},"excerpt":{"rendered":"<p>Esta Pol\u00edtica de Privacidade descreve quem somos, para que finalidades usamos os seus dados, como os tratamos, com quem os partilhamos, durante quanto tempo os conservamos, assim como as formas de entrar em contacto connosco e de exercer os seus direitos. &nbsp; Como entrar em contacto com a Mooovi A Mooovi, pode ser contactada por [&hellip;]<\/p>\n","protected":false},"author":1,"featured_media":0,"parent":0,"menu_order":0,"comment_status":"closed","ping_status":"open","template":"","meta":{"footnotes":""},"class_list":["post-3","page","type-page","status-publish","hentry"],"acf":[],"_links":{"self":[{"href":"https:\/\/beta2.celeuma.pt\/cim\/wp-json\/wp\/v2\/pages\/3","targetHints":{"allow":["GET"]}}],"collection":[{"href":"https:\/\/beta2.celeuma.pt\/cim\/wp-json\/wp\/v2\/pages"}],"about":[{"href":"https:\/\/beta2.celeuma.pt\/cim\/wp-json\/wp\/v2\/types\/page"}],"author":[{"embeddable":true,"href":"https:\/\/beta2.celeuma.pt\/cim\/wp-json\/wp\/v2\/users\/1"}],"replies":[{"embeddable":true,"href":"https:\/\/beta2.celeuma.pt\/cim\/wp-json\/wp\/v2\/comments?post=3"}],"version-history":[{"count":12,"href":"https:\/\/beta2.celeuma.pt\/cim\/wp-json\/wp\/v2\/pages\/3\/revisions"}],"predecessor-version":[{"id":104,"href":"https:\/\/beta2.celeuma.pt\/cim\/wp-json\/wp\/v2\/pages\/3\/revisions\/104"}],"wp:attachment":[{"href":"https:\/\/beta2.celeuma.pt\/cim\/wp-json\/wp\/v2\/media?parent=3"}],"curies":[{"name":"wp","href":"https:\/\/api.w.org\/{rel}","templated":true}]}}